{"id":120,"date":"2020-02-22T11:46:24","date_gmt":"2020-02-22T11:46:24","guid":{"rendered":"http:\/\/mntysalo.fi\/etusivu\/?page_id=120"},"modified":"2020-11-21T12:26:54","modified_gmt":"2020-11-21T12:26:54","slug":"120-2","status":"publish","type":"page","link":"https:\/\/mntysalo.fi\/etusivu\/","title":{"rendered":"Tervetuloa kotiini verkossa!"},"content":{"rendered":"\n<p class=\"has-drop-cap\">Sivuston p\u00e4\u00e4tarkoitus on tarjota teksteilleni paikka mainosrahotteisten sivustojen ulkopuolella. Viimeist\u00e4\u00e4n Google+:n kohtalo opetti s\u00e4\u00e4st\u00e4misen arvoisten tekstien omalla palvelimella s\u00e4ilytt\u00e4misen arvon. Kokonaisuudessaan t\u00e4m\u00e4 sivusto toimii julkisena muistikirjana, siin\u00e4 toivossa ett\u00e4 jokin l\u00e4pik\u00e4ym\u00e4ni ajatus olisi merkityksellinen my\u00f6s muille.<\/p>\n\n\n\n<p>T\u00e4lt\u00e4 sivustolta l\u00f6ytyy yleisi\u00e4 ajatuksiani kokoava <a href=\"http:\/\/www.mntysalo.fi\/blog\">blogini<\/a>, yliopistolla aikoinaan html 1.0:lla laatimani, nyt jo <a href=\"http:\/\/mntysalo.fi\/jyu\">arkistoitu kotisivu<\/a>, muutama yl\u00f6skirjoittamani <a href=\"https:\/\/mntysalo.fi\/etusivu\/index.php\/muistoja-ja-tarinoita\/\">muisto ja tarina<\/a>, sek\u00e4 jonkinlainen pidempi kuvaus arkeni kulloinkin t\u00e4rkeimmist\u00e4 asioista (<a href=\"http:\/\/www.mntysalo.fi\/juho\">Mit\u00e4 Juho nyt?<\/a>).  <\/p>\n\n\n\n<p>Toivottavasti sivuni teksteist\u00e4 v\u00e4littyy niiden kirjoittamisesta koettu innostus!<\/p>\n","protected":false},"excerpt":{"rendered":"<p>Sivuston p\u00e4\u00e4tarkoitus on tarjota teksteilleni paikka mainosrahotteisten sivustojen ulkopuolella. Viimeist\u00e4\u00e4n Google+:n kohtalo opetti s\u00e4\u00e4st\u00e4misen arvoisten tekstien omalla palvelimella s\u00e4ilytt\u00e4misen arvon. Kokonaisuudessaan t\u00e4m\u00e4 sivusto toimii julkisena muistikirjana, siin\u00e4 toivossa ett\u00e4 jokin l\u00e4pik\u00e4ym\u00e4ni ajatus olisi merkityksellinen my\u00f6s muille. T\u00e4lt\u00e4 sivustolta l\u00f6ytyy yleisi\u00e4 ajatuksiani kokoava blogini, yliopistolla aikoinaan html 1.0:lla laatimani, nyt jo arkistoitu kotisivu, muutama yl\u00f6skirjoittamani muisto &hellip; <\/p>\n<p class=\"link-more\"><a href=\"https:\/\/mntysalo.fi\/etusivu\/\" class=\"more-link\">Jatka lukemista<span class=\"screen-reader-text\"> &#8221;Tervetuloa kotiini verkossa!&#8221;<\/span><\/a><\/p>\n","protected":false},"author":1,"featured_media":0,"parent":0,"menu_order":0,"comment_status":"closed","ping_status":"closed","template":"","meta":{"footnotes":""},"class_list":["post-120","page","type-page","status-publish","hentry"],"_links":{"self":[{"href":"https:\/\/mntysalo.fi\/etusivu\/index.php?rest_route=\/wp\/v2\/pages\/120","targetHints":{"allow":["GET"]}}],"collection":[{"href":"https:\/\/mntysalo.fi\/etusivu\/index.php?rest_route=\/wp\/v2\/pages"}],"about":[{"href":"https:\/\/mntysalo.fi\/etusivu\/index.php?rest_route=\/wp\/v2\/types\/page"}],"author":[{"embeddable":true,"href":"https:\/\/mntysalo.fi\/etusivu\/index.php?rest_route=\/wp\/v2\/users\/1"}],"replies":[{"embeddable":true,"href":"https:\/\/mntysalo.fi\/etusivu\/index.php?rest_route=%2Fwp%2Fv2%2Fcomments&post=120"}],"version-history":[{"count":6,"href":"https:\/\/mntysalo.fi\/etusivu\/index.php?rest_route=\/wp\/v2\/pages\/120\/revisions"}],"predecessor-version":[{"id":153,"href":"https:\/\/mntysalo.fi\/etusivu\/index.php?rest_route=\/wp\/v2\/pages\/120\/revisions\/153"}],"wp:attachment":[{"href":"https:\/\/mntysalo.fi\/etusivu\/index.php?rest_route=%2Fwp%2Fv2%2Fmedia&parent=120"}],"curies":[{"name":"wp","href":"https:\/\/api.w.org\/{rel}","templated":true}]}}