{"id":65,"date":"2020-01-23T14:34:05","date_gmt":"2020-01-23T14:34:05","guid":{"rendered":"http:\/\/www.mntysalo.fi\/etusivu\/?page_id=65"},"modified":"2020-09-13T17:37:50","modified_gmt":"2020-09-13T17:37:50","slug":"muistoja-ja-tarinoita","status":"publish","type":"page","link":"https:\/\/mntysalo.fi\/etusivu\/?page_id=65","title":{"rendered":"Muistoja ja tarinoita"},"content":{"rendered":"\n<h2 class=\"wp-block-heading\">Muistot<\/h2>\n\n\n\n<p><a href=\"http:\/\/mntysalo.fi\/etusivu\/?page_id=94\">Tyhj\u00e4 kirkko<\/a> (kes\u00e4kuu 2018)<\/p>\n\n\n\n<h2 class=\"wp-block-heading\">Tarinat <\/h2>\n\n\n\n<p><a href=\"http:\/\/mntysalo.fi\/etusivu\/?page_id=63\">Onnellinen ihminen<\/a> (hein\u00e4kuu 2019)<\/p>\n","protected":false},"excerpt":{"rendered":"<p>Muistot Tyhj\u00e4 kirkko (kes\u00e4kuu 2018) Tarinat Onnellinen ihminen (hein\u00e4kuu 2019)<\/p>\n","protected":false},"author":1,"featured_media":0,"parent":0,"menu_order":0,"comment_status":"closed","ping_status":"closed","template":"","meta":{"footnotes":""},"class_list":["post-65","page","type-page","status-publish","hentry"],"_links":{"self":[{"href":"https:\/\/mntysalo.fi\/etusivu\/index.php?rest_route=\/wp\/v2\/pages\/65","targetHints":{"allow":["GET"]}}],"collection":[{"href":"https:\/\/mntysalo.fi\/etusivu\/index.php?rest_route=\/wp\/v2\/pages"}],"about":[{"href":"https:\/\/mntysalo.fi\/etusivu\/index.php?rest_route=\/wp\/v2\/types\/page"}],"author":[{"embeddable":true,"href":"https:\/\/mntysalo.fi\/etusivu\/index.php?rest_route=\/wp\/v2\/users\/1"}],"replies":[{"embeddable":true,"href":"https:\/\/mntysalo.fi\/etusivu\/index.php?rest_route=%2Fwp%2Fv2%2Fcomments&post=65"}],"version-history":[{"count":3,"href":"https:\/\/mntysalo.fi\/etusivu\/index.php?rest_route=\/wp\/v2\/pages\/65\/revisions"}],"predecessor-version":[{"id":148,"href":"https:\/\/mntysalo.fi\/etusivu\/index.php?rest_route=\/wp\/v2\/pages\/65\/revisions\/148"}],"wp:attachment":[{"href":"https:\/\/mntysalo.fi\/etusivu\/index.php?rest_route=%2Fwp%2Fv2%2Fmedia&parent=65"}],"curies":[{"name":"wp","href":"https:\/\/api.w.org\/{rel}","templated":true}]}}